{"id":2,"date":"2021-03-12T10:38:59","date_gmt":"2021-03-12T10:38:59","guid":{"rendered":"http:\/\/labo.studio-lapointe.com\/?page_id=2"},"modified":"2021-03-12T16:02:43","modified_gmt":"2021-03-12T16:02:43","slug":"sample-page","status":"publish","type":"page","link":"https:\/\/labo.studio-lapointe.com\/","title":{"rendered":"Pays de D\u00e9odatie"},"content":{"rendered":"\n<h4 class=\"alignwide has-text-align-center\">Mise en situation<br>pour visualiser les cartes<br>dans un navigateur<\/h4>\n\n\n\n<p class=\"has-text-align-center\">Voici la carte g\u00e9n\u00e9rale avec des bords flous<\/p>\n\n\n\n<div class=\"wp-block-image zoooom\"><figure class=\"aligncenter size-full\"><img decoding=\"async\" loading=\"lazy\" width=\"1306\" height=\"1127\" src=\"https:\/\/labo.studio-lapointe.com\/wp-content\/uploads\/2021\/03\/carte-generale-v2-bord-flou.png\" alt=\"\" class=\"wp-image-61\" srcset=\"https:\/\/labo.studio-lapointe.com\/wp-content\/uploads\/2021\/03\/carte-generale-v2-bord-flou.png 1306w, https:\/\/labo.studio-lapointe.com\/wp-content\/uploads\/2021\/03\/carte-generale-v2-bord-flou-300x259.png 300w, https:\/\/labo.studio-lapointe.com\/wp-content\/uploads\/2021\/03\/carte-generale-v2-bord-flou-1024x884.png 1024w, https:\/\/labo.studio-lapointe.com\/wp-content\/uploads\/2021\/03\/carte-generale-v2-bord-flou-150x129.png 150w, https:\/\/labo.studio-lapointe.com\/wp-content\/uploads\/2021\/03\/carte-generale-v2-bord-flou-768x663.png 768w\" sizes=\"(max-width: 1306px) 100vw, 1306px\" \/><\/figure><\/div>\n\n\n\n<p class=\"has-text-align-center\">Voici la carte g\u00e9n\u00e9rale avec des bords &lsquo;peints&rsquo;<\/p>\n\n\n\n<div class=\"wp-block-image zoooom\"><figure class=\"aligncenter size-large\"><img decoding=\"async\" loading=\"lazy\" width=\"1024\" height=\"884\" src=\"https:\/\/labo.studio-lapointe.com\/wp-content\/uploads\/2021\/03\/carte-generale-v2-bord-peint-1024x884.png\" alt=\"\" class=\"wp-image-62\" srcset=\"https:\/\/labo.studio-lapointe.com\/wp-content\/uploads\/2021\/03\/carte-generale-v2-bord-peint-1024x884.png 1024w, https:\/\/labo.studio-lapointe.com\/wp-content\/uploads\/2021\/03\/carte-generale-v2-bord-peint-300x259.png 300w, https:\/\/labo.studio-lapointe.com\/wp-content\/uploads\/2021\/03\/carte-generale-v2-bord-peint-150x129.png 150w, https:\/\/labo.studio-lapointe.com\/wp-content\/uploads\/2021\/03\/carte-generale-v2-bord-peint-768x663.png 768w, https:\/\/labo.studio-lapointe.com\/wp-content\/uploads\/2021\/03\/carte-generale-v2-bord-peint.png 1306w\" sizes=\"(max-width: 1024px) 100vw, 1024px\" \/><\/figure><\/div>\n\n\n\n<p class=\"has-text-align-center\">Voici la carte individuelle de la boucle Nord avec des bords flous<\/p>\n\n\n\n<div class=\"wp-block-image zoooom\"><figure class=\"aligncenter size-large\"><img decoding=\"async\" loading=\"lazy\" width=\"1024\" height=\"884\" src=\"https:\/\/labo.studio-lapointe.com\/wp-content\/uploads\/2021\/03\/carte-boucle-nord-v2-bord-flou-1024x884.png\" alt=\"\" class=\"wp-image-63\" srcset=\"https:\/\/labo.studio-lapointe.com\/wp-content\/uploads\/2021\/03\/carte-boucle-nord-v2-bord-flou-1024x884.png 1024w, https:\/\/labo.studio-lapointe.com\/wp-content\/uploads\/2021\/03\/carte-boucle-nord-v2-bord-flou-300x259.png 300w, https:\/\/labo.studio-lapointe.com\/wp-content\/uploads\/2021\/03\/carte-boucle-nord-v2-bord-flou-150x129.png 150w, https:\/\/labo.studio-lapointe.com\/wp-content\/uploads\/2021\/03\/carte-boucle-nord-v2-bord-flou-768x663.png 768w, https:\/\/labo.studio-lapointe.com\/wp-content\/uploads\/2021\/03\/carte-boucle-nord-v2-bord-flou.png 1306w\" sizes=\"(max-width: 1024px) 100vw, 1024px\" \/><\/figure><\/div>\n\n\n\n<p class=\"has-text-align-center\">Voici la carte individuelle de la boucle Nord avec des bords &lsquo;peints&rsquo;<\/p>\n\n\n\n<div class=\"wp-block-image zoooom\"><figure class=\"aligncenter size-large\"><img decoding=\"async\" loading=\"lazy\" width=\"1024\" height=\"884\" src=\"https:\/\/labo.studio-lapointe.com\/wp-content\/uploads\/2021\/03\/carte-boucle-nord-v2-bord-peint-1024x884.png\" alt=\"\" class=\"wp-image-64\" srcset=\"https:\/\/labo.studio-lapointe.com\/wp-content\/uploads\/2021\/03\/carte-boucle-nord-v2-bord-peint-1024x884.png 1024w, https:\/\/labo.studio-lapointe.com\/wp-content\/uploads\/2021\/03\/carte-boucle-nord-v2-bord-peint-300x259.png 300w, https:\/\/labo.studio-lapointe.com\/wp-content\/uploads\/2021\/03\/carte-boucle-nord-v2-bord-peint-150x129.png 150w, https:\/\/labo.studio-lapointe.com\/wp-content\/uploads\/2021\/03\/carte-boucle-nord-v2-bord-peint-768x663.png 768w, https:\/\/labo.studio-lapointe.com\/wp-content\/uploads\/2021\/03\/carte-boucle-nord-v2-bord-peint.png 1306w\" sizes=\"(max-width: 1024px) 100vw, 1024px\" \/><\/figure><\/div>\n\n\n\n<p><\/p>\n","protected":false},"excerpt":{"rendered":"<p>Mise en situationpour visualiser les cartesdans un navigateur Voici la carte g\u00e9n\u00e9rale avec des bords flous Voici la carte g\u00e9n\u00e9rale avec des bords &lsquo;peints&rsquo; Voici la carte individuelle de la boucle Nord avec des bords flous Voici la carte individuelle de la boucle Nord avec des bords &lsquo;peints&rsquo;<\/p>\n","protected":false},"author":1,"featured_media":0,"parent":0,"menu_order":0,"comment_status":"closed","ping_status":"open","template":"","meta":[],"_links":{"self":[{"href":"https:\/\/labo.studio-lapointe.com\/index.php?rest_route=\/wp\/v2\/pages\/2"}],"collection":[{"href":"https:\/\/labo.studio-lapointe.com\/index.php?rest_route=\/wp\/v2\/pages"}],"about":[{"href":"https:\/\/labo.studio-lapointe.com\/index.php?rest_route=\/wp\/v2\/types\/page"}],"author":[{"embeddable":true,"href":"https:\/\/labo.studio-lapointe.com\/index.php?rest_route=\/wp\/v2\/users\/1"}],"replies":[{"embeddable":true,"href":"https:\/\/labo.studio-lapointe.com\/index.php?rest_route=%2Fwp%2Fv2%2Fcomments&post=2"}],"version-history":[{"count":17,"href":"https:\/\/labo.studio-lapointe.com\/index.php?rest_route=\/wp\/v2\/pages\/2\/revisions"}],"predecessor-version":[{"id":72,"href":"https:\/\/labo.studio-lapointe.com\/index.php?rest_route=\/wp\/v2\/pages\/2\/revisions\/72"}],"wp:attachment":[{"href":"https:\/\/labo.studio-lapointe.com\/index.php?rest_route=%2Fwp%2Fv2%2Fmedia&parent=2"}],"curies":[{"name":"wp","href":"https:\/\/api.w.org\/{rel}","templated":true}]}}